{"id":176,"date":"2021-02-07T14:59:10","date_gmt":"2021-02-07T13:59:10","guid":{"rendered":"https:\/\/perugiamusicaclassica.com\/?page_id=176"},"modified":"2025-04-29T10:26:11","modified_gmt":"2025-04-29T08:26:11","slug":"comitato-amur-2","status":"publish","type":"page","link":"https:\/\/perugiamusicaclassica.com\/it\/comitato-amur-2\/","title":{"rendered":"Comitato AMUR"},"content":{"rendered":"\n<div style=\"height:100px\" aria-hidden=\"true\" class=\"wp-block-spacer\"><\/div>\n\n\n<div class=\"wp-block-image\">\n<figure class=\"aligncenter size-large is-resized\"><img data-recalc-dims=\"1\" loading=\"lazy\" decoding=\"async\" width=\"700\" height=\"248\" data-attachment-id=\"11492\" data-permalink=\"https:\/\/perugiamusicaclassica.com\/it\/comitato-amur-2\/logotipo_comitato-amur_color\/\" data-orig-file=\"https:\/\/i0.wp.com\/perugiamusicaclassica.com\/wp-content\/uploads\/2025\/04\/Logotipo_Comitato-AMUR_Color.png?fit=1500%2C532&amp;ssl=1\" data-orig-size=\"1500,532\" data-comments-opened=\"1\" data-image-meta=\"{&quot;aperture&quot;:&quot;0&quot;,&quot;credit&quot;:&quot;&quot;,&quot;camera&quot;:&quot;&quot;,&quot;caption&quot;:&quot;&quot;,&quot;created_timestamp&quot;:&quot;0&quot;,&quot;copyright&quot;:&quot;&quot;,&quot;focal_length&quot;:&quot;0&quot;,&quot;iso&quot;:&quot;0&quot;,&quot;shutter_speed&quot;:&quot;0&quot;,&quot;title&quot;:&quot;&quot;,&quot;orientation&quot;:&quot;0&quot;}\" data-image-title=\"Logotipo_Comitato AMUR_Color\" data-image-description=\"\" data-image-caption=\"\" data-medium-file=\"https:\/\/i0.wp.com\/perugiamusicaclassica.com\/wp-content\/uploads\/2025\/04\/Logotipo_Comitato-AMUR_Color.png?fit=300%2C106&amp;ssl=1\" data-large-file=\"https:\/\/i0.wp.com\/perugiamusicaclassica.com\/wp-content\/uploads\/2025\/04\/Logotipo_Comitato-AMUR_Color.png?fit=700%2C248&amp;ssl=1\" src=\"https:\/\/i0.wp.com\/perugiamusicaclassica.com\/wp-content\/uploads\/2025\/04\/Logotipo_Comitato-AMUR_Color.png?resize=700%2C248&#038;ssl=1\" alt=\"\" class=\"wp-image-11492\" style=\"aspect-ratio:2.818192785619496;width:384px;height:auto\" title=\"\" srcset=\"https:\/\/i0.wp.com\/perugiamusicaclassica.com\/wp-content\/uploads\/2025\/04\/Logotipo_Comitato-AMUR_Color.png?resize=1024%2C363&amp;ssl=1 1024w, https:\/\/i0.wp.com\/perugiamusicaclassica.com\/wp-content\/uploads\/2025\/04\/Logotipo_Comitato-AMUR_Color.png?resize=300%2C106&amp;ssl=1 300w, https:\/\/i0.wp.com\/perugiamusicaclassica.com\/wp-content\/uploads\/2025\/04\/Logotipo_Comitato-AMUR_Color.png?resize=768%2C272&amp;ssl=1 768w, https:\/\/i0.wp.com\/perugiamusicaclassica.com\/wp-content\/uploads\/2025\/04\/Logotipo_Comitato-AMUR_Color.png?resize=1200%2C426&amp;ssl=1 1200w, https:\/\/i0.wp.com\/perugiamusicaclassica.com\/wp-content\/uploads\/2025\/04\/Logotipo_Comitato-AMUR_Color.png?resize=700%2C248&amp;ssl=1 700w, https:\/\/i0.wp.com\/perugiamusicaclassica.com\/wp-content\/uploads\/2025\/04\/Logotipo_Comitato-AMUR_Color.png?resize=1128%2C400&amp;ssl=1 1128w, https:\/\/i0.wp.com\/perugiamusicaclassica.com\/wp-content\/uploads\/2025\/04\/Logotipo_Comitato-AMUR_Color.png?w=1500&amp;ssl=1 1500w, https:\/\/i0.wp.com\/perugiamusicaclassica.com\/wp-content\/uploads\/2025\/04\/Logotipo_Comitato-AMUR_Color.png?w=1400&amp;ssl=1 1400w\" sizes=\"auto, (max-width: 700px) 100vw, 700px\" \/><\/figure>\n<\/div>\n\n\n<h3 class=\"wp-block-heading has-text-align-center\">Nasce un nuovo Comitato nazionale che riunisce importanti enti concertistici italiani&nbsp;<\/h3>\n\n\n\n<h3 class=\"wp-block-heading has-text-align-center\">con l\u2019intento di&nbsp;creare opportunit\u00e0 e condividere progetti.<\/h3>\n\n\n\n<div style=\"height:100px\" aria-hidden=\"true\" class=\"wp-block-spacer\"><\/div>\n\n\n\n<p class=\"wp-block-paragraph\">Il Comitato AMUR nasce in maggio 2020 dalla volont\u00e0 di riunire alcune tra le&nbsp;<strong>pi\u00f9 importanti istituzioni d\u2019Italia<\/strong>&nbsp;della musica da camera in un unico organismo, con&nbsp; lo scopo di&nbsp;<strong>promuovere attivit\u00e0<\/strong>&nbsp;e<strong>&nbsp;obiettivi comuni<\/strong>.<br>Preceduto dall\u2019esperienza quinquennale di Associazioni Musicali in Rete (da qui \u201cAMUR\u201d), il Comitato si \u00e8 formato proponendosi come forza propulsiva e propositiva, per una risposta concreta e&nbsp;<strong>Nazionale&nbsp;<\/strong>alla vita culturale, puntando anche alla partecipazione a&nbsp;<strong>reti internazionali.<\/strong><br>Il<strong>&nbsp;valore del<\/strong>&nbsp;<strong>fare sistema<\/strong>, che da sempre accomuna le istituzioni coinvolte, si tramuta in<strong>&nbsp;impegno comune<\/strong>: le Istituzioni della musica classica, consce della responsabilit\u00e0 morale e dell\u2019eredit\u00e0 culturale da tramandare alle nuove generazioni, intendono stimolare ulteriori adesioni e altrettante unioni virtuose in Italia e all\u2019estero, e al tempo stesso rilanciare l\u2019attivit\u00e0 concertistica di musica classica nel Paese.<br>Gli enti concertistici storici, da Trieste a Napoli, si riuniscono in questo portale con l\u2019obiettivo di valorizzare tutta la programmazione concertistica dei membri del Comitato Amur e promuovere progetti comuni come la circuitazione di giovani professionisti e l\u2019organizzazione di tourn\u00e9e per artisti italiani e internazionali, convegni, viaggi culturali, manifestazioni che arricchiscano la vita culturale del Paese.<\/p>\n\n\n\n<p class=\"wp-block-paragraph\">Il Comitato rivolge al giovane pubblico un\u2019attenzione particolare impegnandosi a programmare prove aperte e progetti speciali rivolti alle scuole.<\/p>\n\n\n\n<p class=\"wp-block-paragraph\">Fanno parte del Comitato Amur:<\/p>\n\n\n\n<p class=\"wp-block-paragraph\">Campania:                 <a href=\"https:\/\/www.comitatoamur.it\/organizer\/associazione-scarlatti-napoli\/\"><strong>Associazione Alessandro Scarlatti<\/strong><\/a><br><\/p>\n\n\n\n<p class=\"wp-block-paragraph\">Emilia Romagna:&nbsp;      <strong><a href=\"https:\/\/www.ferraramusica.it\/\">Associazione Ferrara Musica<\/a><\/strong>&nbsp;<\/p>\n\n\n\n<p class=\"wp-block-paragraph\">                                    <strong><a href=\"https:\/\/www.comitatoamur.it\/organizer\/fondazione-musica-insieme\/\">Fondazione Musica Insieme di Bologna<\/a><\/strong><\/p>\n\n\n\n<p class=\"wp-block-paragraph\">                                    <strong><a href=\"https:\/\/www.comitatoamur.it\/organizer\/societa-dei-concerti-parma\/\">Societ\u00e0 dei Concerti di Parma<\/a><\/strong><br><\/p>\n\n\n\n<p class=\"wp-block-paragraph\">Friuli-Venezia Giulia:&nbsp;<strong><a href=\"https:\/\/www.comitatoamur.it\/organizer\/societa-dei-concerti-trieste\/\">Societ\u00e0 dei Concerti di Trieste<\/a><br><\/strong><\/p>\n\n\n\n<p class=\"wp-block-paragraph\">Lombardia:&nbsp;                <a href=\"https:\/\/www.comitatoamur.it\/organizer\/societa-del-quartetto-milano\/\"><strong>Societ\u00e0 del Quartetto di Milano<\/strong><\/a>&nbsp;<\/p>\n\n\n\n<p class=\"wp-block-paragraph\">                                    <strong><a href=\"https:\/\/www.comitatoamur.it\/organizer\/la-societa-dei-concerti-milano\/\">Fondazione La Societ\u00e0 dei Concerti di Milano<\/a><br><\/strong><\/p>\n\n\n\n<p class=\"wp-block-paragraph\">Sicilia:&nbsp;                        <a href=\"http:\/\/www.ame.ct.it\/2016\/\"><strong>Associazione Musicale Etnea<\/strong><\/a>&nbsp;&nbsp;<\/p>\n\n\n\n<p class=\"wp-block-paragraph\">                                    <strong><a href=\"https:\/\/amicidellamusicapalermo.net\/\">Associazione Siciliana Amici della Musica<\/a><\/strong><br><\/p>\n\n\n\n<p class=\"wp-block-paragraph\">Marche:&nbsp;                     <strong><a href=\"https:\/\/www.marcheconcerti.it\/\">Marche Concerti<\/a><br><\/strong><\/p>\n\n\n\n<p class=\"wp-block-paragraph\">Umbria:                      <strong><a href=\"https:\/\/www.perugiamusicaclassica.com\/\">&nbsp;Fondazione Perugia Musica Classica Onlus<\/a><br><\/strong><\/p>\n\n\n\n<p class=\"wp-block-paragraph\">Toscana:                     Associazione Musicale Lucchese                                                                                                                                                                          <\/p>\n\n\n\n<p class=\"wp-block-paragraph\">Veneto:&nbsp;                      <a href=\"https:\/\/www.amicimusicapadova.org\/\"><strong>Amici della Musica di Padova<\/strong><\/a>&nbsp;<\/p>\n\n\n\n<p class=\"wp-block-paragraph\">                                   &nbsp;<a href=\"https:\/\/www.comitatoamur.it\/organizer\/societa-del-quartetto-vicenza\/\"><strong>Societ\u00e0 del Quartetto di Vicenza<\/strong><\/a><\/p>\n\n\n\n<p class=\"wp-block-paragraph\"><\/p>\n\n\n\n<p class=\"wp-block-paragraph\">L\u2019importanza di creare una&nbsp;<strong>collaborazione stabile e unica tra enti<\/strong>&nbsp;di tale esperienza e rappresentativit\u00e0 del territorio si accompagna alla volont\u00e0 di estendere la partecipazione ad altre istituzioni musicali con caratteristiche analoghe e che condividano le finalit\u00e0 del Comitato Amur, diffuse su tutto il territorio nazionale.<\/p>\n","protected":false},"excerpt":{"rendered":"<p>Nasce un nuovo Comitato nazionale che riunisce importanti enti concertistici italiani&nbsp; con l\u2019intento di&nbsp;creare opportunit\u00e0 e condividere progetti. Il Comitato AMUR nasce in maggio 2020 dalla volont\u00e0 di riunire alcune tra le&nbsp;pi\u00f9 importanti istituzioni d\u2019Italia&nbsp;della musica da camera in un unico organismo, con&nbsp; lo scopo di&nbsp;promuovere attivit\u00e0&nbsp;e&nbsp;obiettivi comuni.Preceduto dall\u2019esperienza quinquennale di Associazioni Musicali in Rete &hellip; <a href=\"https:\/\/perugiamusicaclassica.com\/it\/comitato-amur-2\/\" class=\"more-link\">Continue reading <span class=\"screen-reader-text\">Comitato AMUR<\/span> <span class=\"meta-nav\">&rarr;<\/span><\/a><\/p>\n","protected":false},"author":200157160,"featured_media":0,"parent":0,"menu_order":0,"comment_status":"closed","ping_status":"closed","template":"","meta":{"_coblocks_attr":"","_coblocks_dimensions":"","_coblocks_responsive_height":"","_coblocks_accordion_ie_support":"","_crdt_document":"","advanced_seo_description":"","jetpack_seo_html_title":"","jetpack_seo_noindex":false,"jetpack_post_was_ever_published":false,"footnotes":""},"class_list":["post-176","page","type-page","status-publish","hentry"],"jetpack_likes_enabled":true,"jetpack_sharing_enabled":true,"jetpack_shortlink":"https:\/\/wp.me\/PcJPK4-2Q","amp_enabled":true,"_links":{"self":[{"href":"https:\/\/perugiamusicaclassica.com\/it\/wp-json\/wp\/v2\/pages\/176","targetHints":{"allow":["GET"]}}],"collection":[{"href":"https:\/\/perugiamusicaclassica.com\/it\/wp-json\/wp\/v2\/pages"}],"about":[{"href":"https:\/\/perugiamusicaclassica.com\/it\/wp-json\/wp\/v2\/types\/page"}],"author":[{"embeddable":true,"href":"https:\/\/perugiamusicaclassica.com\/it\/wp-json\/wp\/v2\/users\/200157160"}],"replies":[{"embeddable":true,"href":"https:\/\/perugiamusicaclassica.com\/it\/wp-json\/wp\/v2\/comments?post=176"}],"version-history":[{"count":12,"href":"https:\/\/perugiamusicaclassica.com\/it\/wp-json\/wp\/v2\/pages\/176\/revisions"}],"predecessor-version":[{"id":11494,"href":"https:\/\/perugiamusicaclassica.com\/it\/wp-json\/wp\/v2\/pages\/176\/revisions\/11494"}],"wp:attachment":[{"href":"https:\/\/perugiamusicaclassica.com\/it\/wp-json\/wp\/v2\/media?parent=176"}],"curies":[{"name":"wp","href":"https:\/\/api.w.org\/{rel}","templated":true}]}}