{"id":408,"date":"2021-03-14T18:40:07","date_gmt":"2021-03-14T17:40:07","guid":{"rendered":"https:\/\/perugiamusicaclassica.com\/?page_id=408"},"modified":"2025-04-16T16:22:24","modified_gmt":"2025-04-16T14:22:24","slug":"bb-trust","status":"publish","type":"page","link":"https:\/\/perugiamusicaclassica.com\/it\/bb-trust\/","title":{"rendered":"BB TRUST"},"content":{"rendered":"\n<figure class=\"wp-block-image size-large\"><img data-recalc-dims=\"1\" loading=\"lazy\" decoding=\"async\" width=\"700\" height=\"241\" data-attachment-id=\"11382\" data-permalink=\"https:\/\/perugiamusicaclassica.com\/it\/bb-trust\/bbt-2025-logo-red-boxed\/\" data-orig-file=\"https:\/\/i0.wp.com\/perugiamusicaclassica.com\/wp-content\/uploads\/2025\/04\/BBT-2025-Logo-Red-Boxed.png?fit=1592%2C547&amp;ssl=1\" data-orig-size=\"1592,547\" data-comments-opened=\"1\" data-image-meta=\"{&quot;aperture&quot;:&quot;0&quot;,&quot;credit&quot;:&quot;&quot;,&quot;camera&quot;:&quot;&quot;,&quot;caption&quot;:&quot;&quot;,&quot;created_timestamp&quot;:&quot;0&quot;,&quot;copyright&quot;:&quot;&quot;,&quot;focal_length&quot;:&quot;0&quot;,&quot;iso&quot;:&quot;0&quot;,&quot;shutter_speed&quot;:&quot;0&quot;,&quot;title&quot;:&quot;&quot;,&quot;orientation&quot;:&quot;0&quot;}\" data-image-title=\"BBT 2025 Logo-Red Boxed\" data-image-description=\"\" data-image-caption=\"\" data-large-file=\"https:\/\/i0.wp.com\/perugiamusicaclassica.com\/wp-content\/uploads\/2025\/04\/BBT-2025-Logo-Red-Boxed.png?fit=700%2C241&amp;ssl=1\" src=\"https:\/\/i0.wp.com\/perugiamusicaclassica.com\/wp-content\/uploads\/2025\/04\/BBT-2025-Logo-Red-Boxed.png?resize=700%2C241&#038;ssl=1\" alt=\"\" class=\"wp-image-11382\" srcset=\"https:\/\/i0.wp.com\/perugiamusicaclassica.com\/wp-content\/uploads\/2025\/04\/BBT-2025-Logo-Red-Boxed.png?resize=1024%2C352&amp;ssl=1 1024w, https:\/\/i0.wp.com\/perugiamusicaclassica.com\/wp-content\/uploads\/2025\/04\/BBT-2025-Logo-Red-Boxed.png?resize=300%2C103&amp;ssl=1 300w, https:\/\/i0.wp.com\/perugiamusicaclassica.com\/wp-content\/uploads\/2025\/04\/BBT-2025-Logo-Red-Boxed.png?resize=768%2C264&amp;ssl=1 768w, https:\/\/i0.wp.com\/perugiamusicaclassica.com\/wp-content\/uploads\/2025\/04\/BBT-2025-Logo-Red-Boxed.png?resize=1536%2C528&amp;ssl=1 1536w, https:\/\/i0.wp.com\/perugiamusicaclassica.com\/wp-content\/uploads\/2025\/04\/BBT-2025-Logo-Red-Boxed.png?resize=1200%2C412&amp;ssl=1 1200w, https:\/\/i0.wp.com\/perugiamusicaclassica.com\/wp-content\/uploads\/2025\/04\/BBT-2025-Logo-Red-Boxed.png?resize=700%2C241&amp;ssl=1 700w, https:\/\/i0.wp.com\/perugiamusicaclassica.com\/wp-content\/uploads\/2025\/04\/BBT-2025-Logo-Red-Boxed.png?resize=1164%2C400&amp;ssl=1 1164w, https:\/\/i0.wp.com\/perugiamusicaclassica.com\/wp-content\/uploads\/2025\/04\/BBT-2025-Logo-Red-Boxed.png?w=1592&amp;ssl=1 1592w, https:\/\/i0.wp.com\/perugiamusicaclassica.com\/wp-content\/uploads\/2025\/04\/BBT-2025-Logo-Red-Boxed.png?w=1400&amp;ssl=1 1400w\" sizes=\"auto, (max-width: 700px) 100vw, 700px\" \/><\/figure>\n\n\n\n<div style=\"height:50px\" aria-hidden=\"true\" class=\"wp-block-spacer\"><\/div>\n\n\n\n<p class=\"wp-block-paragraph\">Il <strong>Borletti-Buitoni Trust (BBT)<\/strong> \u00e8 stato fondato nel 2003 con l\u2019obiettivo di sostenere giovani musicisti internazionali di comprovato talento in quel momento difficile quando si trovano sulla soglia di una carriera musicale professionale.<\/p>\n\n\n\n<p class=\"wp-block-paragraph\">Cofondatori del Trust, al quale partecipa come consigliera la celebre pianista Mitsuko Uchida, sono stati Ilaria Borletti e il marito Franco Buitoni (1934-2016), che tanto si \u00e8 prodigato per la vita musicale di Perugia come Presidente degli Amici della Musica per oltre trent\u2019anni, dal 1985 al 2016.&nbsp;<\/p>\n\n\n\n<p class=\"wp-block-paragraph\">A tutt\u2019oggi, il BBT ha assegnato oltre 110 di <em>Awards<\/em> e <em>Fellowships<\/em>, a favore sia di strumentisti e cantanti singoli che di complessi cameristici, ognuno proveniente da tutto il mondo, dall\u2019Europa come dagli Stati Uniti e dall\u2019Estremo Oriente.&nbsp;<\/p>\n\n\n\n<p class=\"wp-block-paragraph\">Dal 2017 \u00e8 stato istituito il \u201cFranco Buitoni Award\u201d biennale in riconoscimento di particolari meriti di carriera, premio assegnato nel 2017 al compositore Gy\u00f6rgy Kurt\u00e1g e nel 2019 al Quartetto di Cremona. Nel 2016 il Quartetto Lyskamm ha ricevuto un premio speciale per la musica da camera intitolato alla memoria di Claudio Abbado.&nbsp;<\/p>\n\n\n\n<p class=\"wp-block-paragraph\">Dal 2019 il Trust si dedica inoltre a <em>BBT Communities<\/em> (\u201cMusic Changing Lives\u201d), progetti rivolti a giovani svantaggiati e socialmente emarginati, a Londra come a Napoli, a Berlino come in Lombardia, nel Ruanda e nei territori palestinesi occupati.<\/p>\n\n\n\n<p class=\"wp-block-paragraph\">Dai concerti nel 2005 del pianista Jonathan Biss, del Jerusalem String Quartet e della violinista Viviane Hagner, e fino al terzo concerto a Perugia della pianista Beatrice Rana (2019), sono stati complessivamente una sessantina di concerti tenuti da oltre 40 premiati del BB Trust a far parte dei cartelloni degli Amici della Musica.&nbsp;<\/p>\n\n\n\n<p class=\"wp-block-paragraph\"><a href=\"http:\/\/www.bbtrust.com\/\">www.bbtrust.com<\/a><\/p>\n\n\n\n<div style=\"height:75px\" aria-hidden=\"true\" class=\"wp-block-spacer\"><\/div>\n\n\n\n<p class=\"wp-block-paragraph\">La Fondazione Perugia Musica Classica&nbsp;fa parte dal&nbsp;<strong>marzo 2023<\/strong>&nbsp; dell\u2019importante iniziativa di&nbsp;<strong>Communities<\/strong><strong>&nbsp;<\/strong>(\u201c<strong>Music<\/strong><strong>&nbsp;<\/strong><strong>Changing<\/strong><strong>&nbsp;<\/strong><strong>Lives<\/strong>\u201d), istituita dal&nbsp;<strong>Borletti<\/strong><strong>&nbsp;Buitoni Trust<\/strong>&nbsp;nel 2019, dopo 17 anni dedicati alla premiazione di promettenti giovani musicisti: strumentisti e vocalisti singoli, nonch\u00e9 complessi cameristici.&nbsp; Fino ad oggi il&nbsp;BBTrust&nbsp;ha assegnato 119 premi a musicisti provenienti da pi\u00f9 di 30 paesi di tutto il mondo.<\/p>\n\n\n\n<p class=\"wp-block-paragraph\">La Fondazione Perugia Musica Classica ha da sempre un\u2019attenzione particolare ai giovani musicisti premiati del&nbsp;BBTrust&nbsp;(con la realizzazione dal 2005 al 2025, nelle Stagioni degli Amici della Musica e della Sagra Musicale Umbra, di circa 60 concerti di oltre 40 musicisti e formazioni cameristiche appartenenti al&nbsp;BBTrust). &nbsp;<\/p>\n\n\n\n<p class=\"wp-block-paragraph\">Fin dalla sua nascita nel 2003, la Fondazione Perugia Musica Classica ha integrato l\u2019attivit\u00e0 con spettacoli musicali rivolti in primo luogo ad un pubblico giovane (con la rassegna&nbsp;<strong>\u201cChi ha paura della musica classica?!\u201d<\/strong>), seguiti negli anni successivi da altri appuntamenti destinati ad ascoltatori in situazione di svantaggio e emarginazione sociale: in particolare a chi soffre di condizioni di salute degenerative; a chi \u00e8 detenuto nel penitenziario della citt\u00e0; a chi \u00e8 ricoverato in ospedale o in una casa di riposo; e a chi, semplicemente, ha meno familiarit\u00e0 con la musica cosiddetta \u201cclassica\u201d nei quartieri periferici della citt\u00e0.<\/p>\n\n\n\n<p class=\"wp-block-paragraph\">Da qui \u00e8 nata una attivit\u00e0 intensa, alla quale si \u00e8 dato il titolo \u201c<strong>Musica come Dono<\/strong>\u201d (animata per la maggior parte dai membri dell\u2019Orchestra da Camera di Perugia), che a sua volta si \u00e8 sviluppata in diverse ramificazioni: \u201cConcerti della Speranza\u201d, \u201cMusica Attiva\u201d, \u201cDonatori di Musica\u201d, e \u201cNote nei Quartieri\u201d. Nello stesso tempo \u00e8 proseguita la promozione di concerti a favore di un pubblico giovane \u2013 anche come bacino di utenza per il futuro \u2013 con la rassegna \u201cMusica per Crescere\u201d e con il ripristino della \u201cFesta della Musica\u201d, molto seguita tra il 2012 e il 2019, che venne sospesa forzatamente a causa della pandemia del&nbsp;Covid.&nbsp;<\/p>\n\n\n\n<p class=\"wp-block-paragraph\"><strong>\u201cCommunity<\/strong>\u201d, in altre parole, come le Tre Et\u00e0 dell\u2019Uomo: l\u2019infanzia, l\u2019et\u00e0 adulta e la vecchiaia.<\/p>\n\n\n\n<p class=\"wp-block-paragraph\">La Fondazione Perugia Musica Classica \u00e8 molto grata al&nbsp;Borletti-Buitoni&nbsp;Trust per il suo riconoscimento, che permetter\u00e0 alla Fondazione stessa di proseguire con una energia rinnovata in quella direzione che \u00e8 davvero \u201csociale\u201d, e in sintonia con altri progetti internazionali sostenuti dal Trust come&nbsp;<em>\u201c<\/em><em>Al-Mada<\/em><em>\u201d<\/em>&nbsp;(<em>Expressive<\/em><em>&nbsp;<\/em><em>Arts<\/em><em>&nbsp;<\/em><em>Therapy<\/em>&nbsp;in Palestina),&nbsp;<em>Musicians<\/em>&nbsp;<em>without<\/em><em><\/em><em>Borders<\/em>&nbsp;(Rwanda) e concerti in&nbsp;livestreaming&nbsp;(<em>Quartetto Diffuso<\/em>) di Milano, accanto a quelli britannici della&nbsp;<em>Bournemouth<\/em><em>&nbsp;<\/em><em>Symphony<\/em><em>&nbsp;Orchestra<\/em>, di&nbsp;<em>Multi-Story<\/em>&nbsp;(che ha come \u201csede\u201d suggestiva un parcheggio in disuso in un quartiere periferico di Londra) e di&nbsp;<em>Chineke<\/em><em>! Junior Orchestra<\/em>, particolarmente sensibile&nbsp;a problemi quanto mai attuali di diversit\u00e0 etnica.<\/p>\n\n\n\n<p class=\"wp-block-paragraph\">Il&nbsp;Borletti&nbsp;Buitoni Trust&nbsp;ha celebrato&nbsp;vent\u2019anni di attivit\u00e0 nel 2023.&nbsp;<\/p>\n\n\n\n<p class=\"wp-block-paragraph\">Invitiamo a voler visitare il suo sito per informazioni pi\u00f9 dettagliate:&nbsp;<a href=\"https:\/\/www.bbtrust.com\/community\/fondazione-perugia-musica-classica\/community\/\">https:\/\/www.bbtrust.com\/community\/fondazione-perugia-musica-classica\/community\/<\/a>&nbsp;<\/p>\n\n\n\n<div style=\"height:100px\" aria-hidden=\"true\" class=\"wp-block-spacer\"><\/div>\n","protected":false},"excerpt":{"rendered":"<p>Il Borletti-Buitoni Trust (BBT) \u00e8 stato fondato nel 2003 con l\u2019obiettivo di sostenere giovani musicisti internazionali di comprovato talento in quel momento difficile quando si trovano sulla soglia di una carriera musicale professionale. Cofondatori del Trust, al quale partecipa come consigliera la celebre pianista Mitsuko Uchida, sono stati Ilaria Borletti e il marito Franco Buitoni &hellip; <a href=\"https:\/\/perugiamusicaclassica.com\/it\/bb-trust\/\" class=\"more-link\">Continue reading <span class=\"screen-reader-text\">BB TRUST<\/span> <span class=\"meta-nav\">&rarr;<\/span><\/a><\/p>\n","protected":false},"author":200157160,"featured_media":0,"parent":0,"menu_order":0,"comment_status":"closed","ping_status":"closed","template":"","meta":{"_coblocks_attr":"","_coblocks_dimensions":"","_coblocks_responsive_height":"","_coblocks_accordion_ie_support":"","_crdt_document":"","advanced_seo_description":"","jetpack_seo_html_title":"","jetpack_seo_noindex":false,"footnotes":""},"class_list":["post-408","page","type-page","status-publish","hentry"],"jetpack_likes_enabled":true,"jetpack_sharing_enabled":true,"jetpack_shortlink":"https:\/\/wp.me\/PcJPK4-6A","amp_enabled":true,"_links":{"self":[{"href":"https:\/\/perugiamusicaclassica.com\/it\/wp-json\/wp\/v2\/pages\/408","targetHints":{"allow":["GET"]}}],"collection":[{"href":"https:\/\/perugiamusicaclassica.com\/it\/wp-json\/wp\/v2\/pages"}],"about":[{"href":"https:\/\/perugiamusicaclassica.com\/it\/wp-json\/wp\/v2\/types\/page"}],"author":[{"embeddable":true,"href":"https:\/\/perugiamusicaclassica.com\/it\/wp-json\/wp\/v2\/users\/200157160"}],"replies":[{"embeddable":true,"href":"https:\/\/perugiamusicaclassica.com\/it\/wp-json\/wp\/v2\/comments?post=408"}],"version-history":[{"count":8,"href":"https:\/\/perugiamusicaclassica.com\/it\/wp-json\/wp\/v2\/pages\/408\/revisions"}],"predecessor-version":[{"id":11385,"href":"https:\/\/perugiamusicaclassica.com\/it\/wp-json\/wp\/v2\/pages\/408\/revisions\/11385"}],"wp:attachment":[{"href":"https:\/\/perugiamusicaclassica.com\/it\/wp-json\/wp\/v2\/media?parent=408"}],"curies":[{"name":"wp","href":"https:\/\/api.w.org\/{rel}","templated":true}]}}