{"id":5854,"date":"2023-07-07T19:01:30","date_gmt":"2023-07-07T17:01:30","guid":{"rendered":"https:\/\/perugiamusicaclassica.com\/?page_id=5854"},"modified":"2024-06-30T18:42:12","modified_gmt":"2024-06-30T16:42:12","slug":"presentazione-smu24","status":"publish","type":"page","link":"https:\/\/perugiamusicaclassica.com\/it\/presentazione-smu24\/","title":{"rendered":"PRESENTAZIONE SMU24"},"content":{"rendered":"\n<div class=\"wp-block-columns is-layout-flex wp-container-core-columns-is-layout-8f761849 wp-block-columns-is-layout-flex\">\n<div class=\"wp-block-column is-vertically-aligned-center is-layout-flow wp-block-column-is-layout-flow\" style=\"flex-basis:66.66%\">\n<figure class=\"wp-block-image alignwide size-full coblocks-animate\" data-coblocks-animation=\"slideInLeft\"><img data-recalc-dims=\"1\" loading=\"lazy\" decoding=\"async\" width=\"700\" height=\"495\" data-attachment-id=\"1794\" data-permalink=\"https:\/\/perugiamusicaclassica.com\/it\/sagra-musicale-umbra\/logo-rosso-02\/\" data-orig-file=\"https:\/\/i0.wp.com\/perugiamusicaclassica.com\/wp-content\/uploads\/2021\/07\/logo-rosso-02.png?fit=3509%2C2481&amp;ssl=1\" data-orig-size=\"3509,2481\" data-comments-opened=\"1\" data-image-meta=\"{&quot;aperture&quot;:&quot;0&quot;,&quot;credit&quot;:&quot;&quot;,&quot;camera&quot;:&quot;&quot;,&quot;caption&quot;:&quot;&quot;,&quot;created_timestamp&quot;:&quot;0&quot;,&quot;copyright&quot;:&quot;&quot;,&quot;focal_length&quot;:&quot;0&quot;,&quot;iso&quot;:&quot;0&quot;,&quot;shutter_speed&quot;:&quot;0&quot;,&quot;title&quot;:&quot;&quot;,&quot;orientation&quot;:&quot;0&quot;}\" data-image-title=\"logo-rosso-02\" data-image-description=\"\" data-image-caption=\"\" data-large-file=\"https:\/\/i0.wp.com\/perugiamusicaclassica.com\/wp-content\/uploads\/2021\/07\/logo-rosso-02.png?fit=700%2C495&amp;ssl=1\" src=\"https:\/\/i0.wp.com\/perugiamusicaclassica.com\/wp-content\/uploads\/2021\/07\/logo-rosso-02.png?resize=700%2C495&#038;ssl=1\" alt=\"\" class=\"wp-image-1794\" srcset=\"https:\/\/i0.wp.com\/perugiamusicaclassica.com\/wp-content\/uploads\/2021\/07\/logo-rosso-02.png?w=3509&amp;ssl=1 3509w, https:\/\/i0.wp.com\/perugiamusicaclassica.com\/wp-content\/uploads\/2021\/07\/logo-rosso-02.png?resize=300%2C212&amp;ssl=1 300w, https:\/\/i0.wp.com\/perugiamusicaclassica.com\/wp-content\/uploads\/2021\/07\/logo-rosso-02.png?resize=1024%2C724&amp;ssl=1 1024w, https:\/\/i0.wp.com\/perugiamusicaclassica.com\/wp-content\/uploads\/2021\/07\/logo-rosso-02.png?resize=768%2C543&amp;ssl=1 768w, https:\/\/i0.wp.com\/perugiamusicaclassica.com\/wp-content\/uploads\/2021\/07\/logo-rosso-02.png?resize=1536%2C1086&amp;ssl=1 1536w, https:\/\/i0.wp.com\/perugiamusicaclassica.com\/wp-content\/uploads\/2021\/07\/logo-rosso-02.png?resize=2048%2C1448&amp;ssl=1 2048w, https:\/\/i0.wp.com\/perugiamusicaclassica.com\/wp-content\/uploads\/2021\/07\/logo-rosso-02.png?resize=1200%2C848&amp;ssl=1 1200w, https:\/\/i0.wp.com\/perugiamusicaclassica.com\/wp-content\/uploads\/2021\/07\/logo-rosso-02.png?resize=700%2C495&amp;ssl=1 700w, https:\/\/i0.wp.com\/perugiamusicaclassica.com\/wp-content\/uploads\/2021\/07\/logo-rosso-02.png?resize=2000%2C1414&amp;ssl=1 2000w, https:\/\/i0.wp.com\/perugiamusicaclassica.com\/wp-content\/uploads\/2021\/07\/logo-rosso-02.png?resize=566%2C400&amp;ssl=1 566w, https:\/\/i0.wp.com\/perugiamusicaclassica.com\/wp-content\/uploads\/2021\/07\/logo-rosso-02.png?w=1400&amp;ssl=1 1400w, https:\/\/i0.wp.com\/perugiamusicaclassica.com\/wp-content\/uploads\/2021\/07\/logo-rosso-02.png?w=2100&amp;ssl=1 2100w\" sizes=\"auto, (max-width: 700px) 100vw, 700px\" \/><\/figure>\n<\/div>\n\n\n\n<div class=\"wp-block-column is-layout-flow wp-block-column-is-layout-flow\" style=\"flex-basis:33.33%\">\n<p class=\"wp-block-paragraph\"><\/p>\n\n\n\n<p class=\"coblocks-animate wp-block-paragraph\" data-coblocks-animation=\"fadeIn\">La <strong>Sagra Musicale Umbra<\/strong> \u00e8 uno dei Festival musicali pi\u00f9 antichi d\u2019Italia e dal 1937 promuove l\u2019esecuzione di musiche sacre e di composizioni dal forte valore spirituale. &nbsp;<\/p>\n<\/div>\n<\/div>\n\n\n\n<div style=\"height:51px\" aria-hidden=\"true\" class=\"wp-block-spacer\"><\/div>\n\n\n<div class=\"wp-block-image\">\n<figure class=\"aligncenter size-full\"><img data-recalc-dims=\"1\" loading=\"lazy\" decoding=\"async\" width=\"694\" height=\"986\" data-attachment-id=\"8264\" data-permalink=\"https:\/\/perugiamusicaclassica.com\/it\/programma-smu25\/locandina-smu24\/\" data-orig-file=\"https:\/\/i0.wp.com\/perugiamusicaclassica.com\/wp-content\/uploads\/2024\/06\/Locandina-SMU24.png?fit=694%2C986&amp;ssl=1\" data-orig-size=\"694,986\" data-comments-opened=\"1\" data-image-meta=\"{&quot;aperture&quot;:&quot;0&quot;,&quot;credit&quot;:&quot;&quot;,&quot;camera&quot;:&quot;&quot;,&quot;caption&quot;:&quot;&quot;,&quot;created_timestamp&quot;:&quot;0&quot;,&quot;copyright&quot;:&quot;&quot;,&quot;focal_length&quot;:&quot;0&quot;,&quot;iso&quot;:&quot;0&quot;,&quot;shutter_speed&quot;:&quot;0&quot;,&quot;title&quot;:&quot;&quot;,&quot;orientation&quot;:&quot;0&quot;}\" data-image-title=\"Locandina SMU24\" data-image-description=\"\" data-image-caption=\"\" data-large-file=\"https:\/\/i0.wp.com\/perugiamusicaclassica.com\/wp-content\/uploads\/2024\/06\/Locandina-SMU24.png?fit=694%2C986&amp;ssl=1\" src=\"https:\/\/i0.wp.com\/perugiamusicaclassica.com\/wp-content\/uploads\/2024\/06\/Locandina-SMU24.png?resize=694%2C986&#038;ssl=1\" alt=\"\" class=\"wp-image-8264\" srcset=\"https:\/\/i0.wp.com\/perugiamusicaclassica.com\/wp-content\/uploads\/2024\/06\/Locandina-SMU24.png?w=694&amp;ssl=1 694w, https:\/\/i0.wp.com\/perugiamusicaclassica.com\/wp-content\/uploads\/2024\/06\/Locandina-SMU24.png?resize=211%2C300&amp;ssl=1 211w, https:\/\/i0.wp.com\/perugiamusicaclassica.com\/wp-content\/uploads\/2024\/06\/Locandina-SMU24.png?resize=282%2C400&amp;ssl=1 282w\" sizes=\"auto, (max-width: 694px) 100vw, 694px\" \/><\/figure>\n<\/div>\n\n\n<div style=\"height:2px\" aria-hidden=\"true\" class=\"wp-block-spacer\"><\/div>\n\n\n\n<div style=\"height:548px\" aria-hidden=\"true\" class=\"wp-block-spacer\"><\/div>\n\n\n\n<p class=\"wp-block-paragraph\">Ma per fortuna \u00e8 una notte di luna<\/p>\n\n\n\n<p class=\"wp-block-paragraph\">Sagra Musicale Umbra 2024 6-20 settembre<\/p>\n\n\n\n<p class=\"wp-block-paragraph\">L\u2019idea che guida la Sagra 2024 \u00e8 quella della&nbsp;<strong>Notte<\/strong>, il luogo del silenzio dove i suoni trovano la loro culla naturale.<br>Il buio della notte \u00e8 per noi molte cose insieme: il giorno che si spegne, il tempo del riposo, la sorgente dei sogni, la metafora della morte, il ritorno al grembo materno, il punto dove tutto \u00e8 nulla, oltre ad un importante elemento spirituale legato al tema della resurrezione. Da sempre i musicisti hanno fatto delle tenebre una fonte inesauribile di ispirazione, e non \u00e8 certo un caso che in sala da concerto il raccoglimento dell\u2019ascolto cominci dal rito di abbassare le luci, a simulare la nera lastra d\u2019ardesia su cui l\u2019interprete disegna il proprio mondo sonoro.<\/p>\n\n\n\n<p class=\"wp-block-paragraph\">Ecco quindi un\u2019antologia di spunti notturni, a cominciare dagli echi lunari del titolo, che fanno riferimento alla produzione pi\u00f9 ambiziosa del festival:&nbsp;<strong>La Boh\u00e8me&nbsp;<\/strong>di Giacomo Puccini, con cui la&nbsp;<em>Sagra&nbsp;<\/em>onora il centenario della scomparsa del grande lucchese e torna dopo molti anni ad occuparsi di teatro musicale. La formula che adopereremo \u00e8 quella di un\u2019<em>Operacorto<\/em>, il formato ideato dal tenore Gianluca Terranova, che collaborer\u00e0 alla formazione di due giovani cast e che sovrintender\u00e0 alla regia. Si tratta di una&nbsp;<em>pocket-opera&nbsp;<\/em>semiscenica arricchita dalle scenografie di Giacomo Cossio e preceduta da preziosi seminari introduttivi che contribuiranno a fare di questo capolavoro anche uno strumento di divulgazione.<\/p>\n\n\n\n<p class=\"wp-block-paragraph\">Un capitolo importante sar\u00e0 poi quello del notturno pianistico, fortunatissimo genere in cui la tastiera diviene il luogo eletto del raccoglimento e della dimensione intimistica del Romanticismo. Tappa obbligata \u00e8 il notturno chopiniano, affiancato a pagine in cui la notte assume le tinte oniriche del&nbsp;<em>Gaspard de la nuit&nbsp;<\/em>di Ravel o del&nbsp;<em>Clair de lune&nbsp;<\/em>di Debussy, passando per le visioni di Schumann, Liszt e Sciarrino. Mozart stesso fu autore di numerose musiche di ispirazione notturna, come la celeberrima&nbsp;<em>Eine kleine Nachtmusik&nbsp;<\/em>o le numerose serenate, in cui magistralmente l\u2019autore gioca con generi d\u2019intrattenimento per nascondervi tratti sublimi. Il notturno talvolta trasmigra dal pianoforte alla dimensione cameristica, ad esempio nel celebrato&nbsp;<em>Quartetto n. 2&nbsp;<\/em>di Borodin o nell\u2019<em>Adagio D. 897&nbsp;<\/em>di Schubert, originariamente progettato come movimento lento del Trio Op. 99 e poi pubblicato isolatamente con il titolo appunto di \u201cNotturno\u201d. Immancabile cornice della Sagra Musicale Umbra \u00e8 la rassegna che raccoglie i pi\u00f9 attivi cori perugini intorno ad un progetto comune che si rivolger\u00e0 al tema del canto sacro legato ai riti della notte e della luce, terminando in un unico abbraccio corale dove tutti i complessi canteranno insieme.<br>L\u2019apertura della Sagra \u00e8 invece un sontuoso progetto sacro che alterna le musiche di alcuni dei pi\u00f9 importanti compositori operanti nella Basilica veneziana di San Marco:&nbsp;<strong>Claudio Monteverdi&nbsp;<\/strong>e&nbsp;<strong>Giovanni Gabrieli<\/strong>.<\/p>\n\n\n\n<p class=\"wp-block-paragraph\">Molti ancora gli appuntamenti di altra natura, come il mistico rito del&nbsp;<em>Sama<\/em>, in cui i&nbsp;<strong>dervisci rotanti&nbsp;<\/strong>materializzano l\u2019estasi nella danza-preghiera al suono della musica Sufi, l\u2019appuntamento a Deruta dove si rende onore al pi\u00f9 importante musicista e teorico derutese, Girolamo Diruta, autore del&nbsp;<strong><em>Transilvano<\/em><\/strong>, i molti incontri tra la musica e la bellezza storico paesaggistica dell\u2019Umbria che si svolgeranno a Villa Valvitiano, a Montefalco, Sangemini, Scheggino, e momenti musicali e culturali presso l\u2019Universit\u00e0 per Stranieri di Perugia.<\/p>\n\n\n\n<p class=\"wp-block-paragraph\"><\/p>\n\n\n\n<p class=\"wp-block-paragraph\">Enrico Bronzi&nbsp;<\/p>\n\n\n\n<p class=\"wp-block-paragraph\">Direttore Artistico&nbsp;<\/p>\n\n\n\n<p class=\"wp-block-paragraph\">Fondazione Perugia Musica Classica Onlus&nbsp;<\/p>\n\n\n\n<p class=\"wp-block-paragraph\">Sagra Musicale Umbra&nbsp;<\/p>\n\n\n\n<div style=\"height:169px\" aria-hidden=\"true\" class=\"wp-block-spacer\"><\/div>\n\n\n\n<hr class=\"wp-block-separator has-alpha-channel-opacity\"\/>\n\n\n\n<div style=\"height:79px\" aria-hidden=\"true\" class=\"wp-block-spacer\"><\/div>\n\n\n\n<p class=\"wp-block-paragraph\">La 79 esima edizione della Sagra Musicale Umbra, che nata nel 1937 \u00e8 uno dei festival italiani pi\u00f9 antichi. Nella tradizione, che vuole questo appuntamento come occasione per ascoltare musiche a forte impronta di ricerca spirituale, in luoghi speciali della nostra meravigliosa Umbria, che uniscono fascino alla emozione.<\/p>\n\n\n\n<p class=\"wp-block-paragraph\">Ma anche nella innovazione perch\u00e9 in questa edizione, grazie alla generosa disponibilit\u00e0 del Maestro Terranova, avremo la possibilit\u00e0 di ascoltare la grande Opera italiana, che \u00e8 stata riconosciuta come patrimonio dell\u2019Umanit\u00e0, attraverso un format, che pu\u00f2 arrivare anche ad un pubblico pi\u00f9 esteso e meno esperto.<\/p>\n\n\n\n<p class=\"wp-block-paragraph\">Si conferma un festival umbro: Perugia, Deruta, Montefalco, San Gemini, Todi, Scheggino e anche in luoghi meno tradizionali: in carcere, nelle case di riposo e con i malati del Progetto Alzheimer.<\/p>\n\n\n\n<p class=\"wp-block-paragraph\">Continuala la proficua collaborazione con l\u2019Accademia di Belle Arti di Perugia, con cui realizziamo il Concorso per il Manifesto, che ci mette in difficolt\u00e0 nella scelta, data l\u2019alta qualit\u00e0 delle proposte.<\/p>\n\n\n\n<p class=\"wp-block-paragraph\">Un invito alla musica, una ricerca di armonia, che speriamo possa essere anche interiore.<\/p>\n\n\n\n<p class=\"wp-block-paragraph\"><strong>Anna Calabro<\/strong><\/p>\n\n\n\n<p class=\"wp-block-paragraph\">Presidente Fondazione Perugia Musica Classica<\/p>\n\n\n\n<div style=\"height:150px\" aria-hidden=\"true\" class=\"wp-block-spacer\"><\/div>\n","protected":false},"excerpt":{"rendered":"<p>La Sagra Musicale Umbra \u00e8 uno dei Festival musicali pi\u00f9 antichi d\u2019Italia e dal 1937 promuove l\u2019esecuzione di musiche sacre e di composizioni dal forte valore spirituale. &nbsp; Ma per fortuna \u00e8 una notte di luna Sagra Musicale Umbra 2024 6-20 settembre L\u2019idea che guida la Sagra 2024 \u00e8 quella della&nbsp;Notte, il luogo del silenzio &hellip; <a href=\"https:\/\/perugiamusicaclassica.com\/it\/presentazione-smu24\/\" class=\"more-link\">Continue reading <span class=\"screen-reader-text\">PRESENTAZIONE SMU24<\/span> <span class=\"meta-nav\">&rarr;<\/span><\/a><\/p>\n","protected":false},"author":200157160,"featured_media":0,"parent":0,"menu_order":0,"comment_status":"closed","ping_status":"closed","template":"","meta":{"_coblocks_attr":"","_coblocks_dimensions":"{\"coblocks-hero-613144241774\":{\"padding\":{\"paddingTop\":\"60px\",\"paddingRight\":\"60px\",\"paddingBottom\":\"60px\",\"paddingLeft\":\"60px\",\"paddingTopTablet\":null,\"paddingRightTablet\":null,\"paddingBottomTablet\":null,\"paddingLeftTablet\":null,\"paddingTopMobile\":null,\"paddingRightMobile\":null,\"paddingBottomMobile\":null,\"paddingLeftMobile\":null}},\"coblocks-hero-613171116242\":{\"padding\":{}}}","_coblocks_responsive_height":"{\"coblocks-hero-613171116242\":{\"height\":{\"height\":700}}}","_coblocks_accordion_ie_support":"","_crdt_document":"","advanced_seo_description":"","jetpack_seo_html_title":"","jetpack_seo_noindex":false,"jetpack_post_was_ever_published":false,"footnotes":""},"class_list":["post-5854","page","type-page","status-publish","hentry"],"jetpack_likes_enabled":true,"jetpack_sharing_enabled":true,"jetpack_shortlink":"https:\/\/wp.me\/PcJPK4-1wq","amp_enabled":true,"_links":{"self":[{"href":"https:\/\/perugiamusicaclassica.com\/it\/wp-json\/wp\/v2\/pages\/5854","targetHints":{"allow":["GET"]}}],"collection":[{"href":"https:\/\/perugiamusicaclassica.com\/it\/wp-json\/wp\/v2\/pages"}],"about":[{"href":"https:\/\/perugiamusicaclassica.com\/it\/wp-json\/wp\/v2\/types\/page"}],"author":[{"embeddable":true,"href":"https:\/\/perugiamusicaclassica.com\/it\/wp-json\/wp\/v2\/users\/200157160"}],"replies":[{"embeddable":true,"href":"https:\/\/perugiamusicaclassica.com\/it\/wp-json\/wp\/v2\/comments?post=5854"}],"version-history":[{"count":6,"href":"https:\/\/perugiamusicaclassica.com\/it\/wp-json\/wp\/v2\/pages\/5854\/revisions"}],"predecessor-version":[{"id":8315,"href":"https:\/\/perugiamusicaclassica.com\/it\/wp-json\/wp\/v2\/pages\/5854\/revisions\/8315"}],"wp:attachment":[{"href":"https:\/\/perugiamusicaclassica.com\/it\/wp-json\/wp\/v2\/media?parent=5854"}],"curies":[{"name":"wp","href":"https:\/\/api.w.org\/{rel}","templated":true}]}}