{"id":731,"date":"2022-09-25T16:42:00","date_gmt":"2022-09-25T14:42:00","guid":{"rendered":"https:\/\/perugiamusicaclassica.com\/?page_id=731"},"modified":"2026-03-06T12:37:55","modified_gmt":"2026-03-06T11:37:55","slug":"stagione-2025-26","status":"publish","type":"page","link":"https:\/\/perugiamusicaclassica.com\/it\/stagione-2025-26\/","title":{"rendered":"Programma"},"content":{"rendered":"\n<figure class=\"wp-block-image size-large coblocks-animate\" data-coblocks-animation=\"zoomIn\"><img data-recalc-dims=\"1\" loading=\"lazy\" decoding=\"async\" width=\"700\" height=\"340\" data-attachment-id=\"12201\" data-permalink=\"https:\/\/perugiamusicaclassica.com\/it\/stagione-2025-26\/screenshot\/\" data-orig-file=\"https:\/\/i0.wp.com\/perugiamusicaclassica.com\/wp-content\/uploads\/2025\/07\/IMG_4548.jpeg?fit=2629%2C1276&amp;ssl=1\" data-orig-size=\"2629,1276\" data-comments-opened=\"1\" data-image-meta=\"{&quot;aperture&quot;:&quot;0&quot;,&quot;credit&quot;:&quot;&quot;,&quot;camera&quot;:&quot;&quot;,&quot;caption&quot;:&quot;Screenshot&quot;,&quot;created_timestamp&quot;:&quot;1751365612&quot;,&quot;copyright&quot;:&quot;&quot;,&quot;focal_length&quot;:&quot;0&quot;,&quot;iso&quot;:&quot;0&quot;,&quot;shutter_speed&quot;:&quot;0&quot;,&quot;title&quot;:&quot;Screenshot&quot;,&quot;orientation&quot;:&quot;1&quot;}\" data-image-title=\"Screenshot\" data-image-description=\"\" data-image-caption=\"&lt;p&gt;Screenshot&lt;\/p&gt;\n\" data-medium-file=\"https:\/\/i0.wp.com\/perugiamusicaclassica.com\/wp-content\/uploads\/2025\/07\/IMG_4548.jpeg?fit=300%2C146&amp;ssl=1\" data-large-file=\"https:\/\/i0.wp.com\/perugiamusicaclassica.com\/wp-content\/uploads\/2025\/07\/IMG_4548.jpeg?fit=700%2C340&amp;ssl=1\" src=\"https:\/\/i0.wp.com\/perugiamusicaclassica.com\/wp-content\/uploads\/2025\/07\/IMG_4548.jpeg?resize=700%2C340&#038;ssl=1\" alt=\"\" class=\"wp-image-12201\" srcset=\"https:\/\/i0.wp.com\/perugiamusicaclassica.com\/wp-content\/uploads\/2025\/07\/IMG_4548.jpeg?resize=1024%2C497&amp;ssl=1 1024w, https:\/\/i0.wp.com\/perugiamusicaclassica.com\/wp-content\/uploads\/2025\/07\/IMG_4548.jpeg?resize=300%2C146&amp;ssl=1 300w, https:\/\/i0.wp.com\/perugiamusicaclassica.com\/wp-content\/uploads\/2025\/07\/IMG_4548.jpeg?resize=768%2C373&amp;ssl=1 768w, https:\/\/i0.wp.com\/perugiamusicaclassica.com\/wp-content\/uploads\/2025\/07\/IMG_4548.jpeg?resize=1536%2C746&amp;ssl=1 1536w, https:\/\/i0.wp.com\/perugiamusicaclassica.com\/wp-content\/uploads\/2025\/07\/IMG_4548.jpeg?resize=2048%2C994&amp;ssl=1 2048w, https:\/\/i0.wp.com\/perugiamusicaclassica.com\/wp-content\/uploads\/2025\/07\/IMG_4548.jpeg?resize=1200%2C582&amp;ssl=1 1200w, https:\/\/i0.wp.com\/perugiamusicaclassica.com\/wp-content\/uploads\/2025\/07\/IMG_4548.jpeg?resize=700%2C340&amp;ssl=1 700w, https:\/\/i0.wp.com\/perugiamusicaclassica.com\/wp-content\/uploads\/2025\/07\/IMG_4548.jpeg?resize=2000%2C971&amp;ssl=1 2000w, https:\/\/i0.wp.com\/perugiamusicaclassica.com\/wp-content\/uploads\/2025\/07\/IMG_4548.jpeg?resize=824%2C400&amp;ssl=1 824w, https:\/\/i0.wp.com\/perugiamusicaclassica.com\/wp-content\/uploads\/2025\/07\/IMG_4548.jpeg?w=1400&amp;ssl=1 1400w, https:\/\/i0.wp.com\/perugiamusicaclassica.com\/wp-content\/uploads\/2025\/07\/IMG_4548.jpeg?w=2100&amp;ssl=1 2100w\" sizes=\"auto, (max-width: 700px) 100vw, 700px\" \/><\/figure>\n\n\n\n<div style=\"height:50px\" aria-hidden=\"true\" class=\"wp-block-spacer\"><\/div>\n\n\n\n<p class=\"wp-block-paragraph\">Nei suoi oltre settantacinque anni di vita, gli Amici della Musica di Perugia\/Fondazione Perugia Musica Classica Onlus hanno realizzato pi\u00f9 di&nbsp;<strong>2.680<\/strong>&nbsp;<strong>concerti<\/strong>&nbsp;con la partecipazione delle pi\u00f9 prestigiose orchestre e cori internazionali e i pi\u00f9 rinomati e apprezzati artisti e direttori d\u2019orchestra del panorama musicale mondiale. Si ricordano fra tutti&nbsp;<strong>Claudio Abbado, Riccardo Muti, Martha Argerich, Daniel Harding, Antonio Pappano, Zubin Mehta, Andras Schiff, Maurizio Pollini<\/strong>.<\/p>\n\n\n\n<div style=\"height:23px\" aria-hidden=\"true\" class=\"wp-block-spacer\"><\/div>\n\n\n\n<p class=\"wp-block-paragraph\">Gli Amici della Musica di Perugia\/Fondazione Perugia Musica Classica Onlus&nbsp; da alcuni anni sostengono e collaborano con un nuovo complesso sinfonico nato in Umbria composto quasi esclusivamente da giovani musicisti umbri:&nbsp;<strong>l\u2019Orchestra da Camera di Perugia<\/strong>. Amici della Musica di Perugia\/Fondazione Perugia Musica Classica Onlus&nbsp; stanno aiutando l\u2019Orchestra a crescere non soltanto creando occasioni di spettacolo e concerti, ma anche sviluppando un modello gestionale imprenditoriale della stessa Orchestra.<\/p>\n\n\n\n<div style=\"height:50px\" aria-hidden=\"true\" class=\"wp-block-spacer\"><\/div>\n\n\n\n<h4 class=\"wp-block-heading\">SCARICA <a href=\"https:\/\/perugiamusicaclassica.com\/wp-content\/uploads\/2026\/03\/AdM_Libretto-2025-2026.pdf\">QUI<\/a> IL LIBRETTO DELLA STAGIONE 2025-26<\/h4>\n\n\n\n<div style=\"height:150px\" aria-hidden=\"true\" class=\"wp-block-spacer\"><\/div>\n\n\n\n<h4 class=\"wp-block-heading coblocks-animate\" data-coblocks-animation=\"slideInLeft\"><strong><a href=\"https:\/\/perugiamusicaclassica.com\/it\/programma-adm-2024-2025\/\">Programma Stagione amici della musica<\/a><\/strong><\/h4>\n\n\n\n<h4 class=\"wp-block-heading coblocks-animate\" data-coblocks-animation=\"slideInLeft\"><strong><a href=\"https:\/\/perugiamusicaclassica.com\/it\/programma-stagione-cucinelli-2024-25\/\">Programma Stagione Cucinelli<\/a><\/strong><\/h4>\n\n\n\n<h4 class=\"wp-block-heading coblocks-animate\" data-coblocks-animation=\"slideInLeft\"><strong><a href=\"https:\/\/perugiamusicaclassica.com\/it\/programma-festival-orizzonti-2025-26\/\">Programma FESTIVAL ORIZZONTi<\/a><\/strong><\/h4>\n\n\n\n<h4 class=\"wp-block-heading coblocks-animate\" data-coblocks-animation=\"slideInLeft\"><strong><a href=\"https:\/\/perugiamusicaclassica.com\/it\/programma-family-concert-2025-26\/\">Programma FAMILY CONCERT<\/a><\/strong><\/h4>\n\n\n\n<h4 class=\"wp-block-heading coblocks-animate\" data-coblocks-animation=\"slideInLeft\"><strong><a href=\"https:\/\/perugiamusicaclassica.com\/it\/events\/festa-della-musica-2\/\">Programma FESTA DELLA MUSICA<\/a><\/strong><\/h4>\n\n\n\n<div style=\"height:100px\" aria-hidden=\"true\" class=\"wp-block-spacer\"><\/div>\n\n\n\n<figure class=\"wp-block-image size-large\"><img data-recalc-dims=\"1\" loading=\"lazy\" decoding=\"async\" width=\"700\" height=\"933\" data-attachment-id=\"12459\" data-permalink=\"https:\/\/perugiamusicaclassica.com\/it\/stagione-2025-26\/screenshot-6\/\" data-orig-file=\"https:\/\/i0.wp.com\/perugiamusicaclassica.com\/wp-content\/uploads\/2025\/07\/IMG_4877.jpeg?fit=1981%2C2642&amp;ssl=1\" data-orig-size=\"1981,2642\" data-comments-opened=\"1\" data-image-meta=\"{&quot;aperture&quot;:&quot;0&quot;,&quot;credit&quot;:&quot;Apple Photos Clean Up&quot;,&quot;camera&quot;:&quot;&quot;,&quot;caption&quot;:&quot;Screenshot&quot;,&quot;created_timestamp&quot;:&quot;1751973680&quot;,&quot;copyright&quot;:&quot;&quot;,&quot;focal_length&quot;:&quot;0&quot;,&quot;iso&quot;:&quot;0&quot;,&quot;shutter_speed&quot;:&quot;0&quot;,&quot;title&quot;:&quot;Screenshot&quot;,&quot;orientation&quot;:&quot;1&quot;}\" data-image-title=\"Screenshot\" data-image-description=\"\" data-image-caption=\"&lt;p&gt;Screenshot&lt;\/p&gt;\n\" data-medium-file=\"https:\/\/i0.wp.com\/perugiamusicaclassica.com\/wp-content\/uploads\/2025\/07\/IMG_4877.jpeg?fit=225%2C300&amp;ssl=1\" data-large-file=\"https:\/\/i0.wp.com\/perugiamusicaclassica.com\/wp-content\/uploads\/2025\/07\/IMG_4877.jpeg?fit=700%2C933&amp;ssl=1\" src=\"https:\/\/i0.wp.com\/perugiamusicaclassica.com\/wp-content\/uploads\/2025\/07\/IMG_4877.jpeg?resize=700%2C933&#038;ssl=1\" alt=\"\" class=\"wp-image-12459\" srcset=\"https:\/\/i0.wp.com\/perugiamusicaclassica.com\/wp-content\/uploads\/2025\/07\/IMG_4877.jpeg?resize=768%2C1024&amp;ssl=1 768w, https:\/\/i0.wp.com\/perugiamusicaclassica.com\/wp-content\/uploads\/2025\/07\/IMG_4877.jpeg?resize=225%2C300&amp;ssl=1 225w, https:\/\/i0.wp.com\/perugiamusicaclassica.com\/wp-content\/uploads\/2025\/07\/IMG_4877.jpeg?resize=1152%2C1536&amp;ssl=1 1152w, https:\/\/i0.wp.com\/perugiamusicaclassica.com\/wp-content\/uploads\/2025\/07\/IMG_4877.jpeg?resize=1536%2C2048&amp;ssl=1 1536w, https:\/\/i0.wp.com\/perugiamusicaclassica.com\/wp-content\/uploads\/2025\/07\/IMG_4877.jpeg?resize=900%2C1200&amp;ssl=1 900w, https:\/\/i0.wp.com\/perugiamusicaclassica.com\/wp-content\/uploads\/2025\/07\/IMG_4877.jpeg?resize=600%2C800&amp;ssl=1 600w, https:\/\/i0.wp.com\/perugiamusicaclassica.com\/wp-content\/uploads\/2025\/07\/IMG_4877.jpeg?resize=450%2C600&amp;ssl=1 450w, https:\/\/i0.wp.com\/perugiamusicaclassica.com\/wp-content\/uploads\/2025\/07\/IMG_4877.jpeg?resize=300%2C400&amp;ssl=1 300w, https:\/\/i0.wp.com\/perugiamusicaclassica.com\/wp-content\/uploads\/2025\/07\/IMG_4877.jpeg?resize=150%2C200&amp;ssl=1 150w, https:\/\/i0.wp.com\/perugiamusicaclassica.com\/wp-content\/uploads\/2025\/07\/IMG_4877.jpeg?resize=1200%2C1600&amp;ssl=1 1200w, https:\/\/i0.wp.com\/perugiamusicaclassica.com\/wp-content\/uploads\/2025\/07\/IMG_4877.jpeg?resize=700%2C934&amp;ssl=1 700w, https:\/\/i0.wp.com\/perugiamusicaclassica.com\/wp-content\/uploads\/2025\/07\/IMG_4877.jpeg?w=1981&amp;ssl=1 1981w, https:\/\/i0.wp.com\/perugiamusicaclassica.com\/wp-content\/uploads\/2025\/07\/IMG_4877.jpeg?w=1400&amp;ssl=1 1400w\" sizes=\"auto, (max-width: 700px) 100vw, 700px\" \/><\/figure>\n\n\n\n<figure class=\"wp-block-image size-large is-resized is-style-default\"><img data-recalc-dims=\"1\" loading=\"lazy\" decoding=\"async\" width=\"700\" height=\"933\" data-attachment-id=\"12462\" data-permalink=\"https:\/\/perugiamusicaclassica.com\/it\/stagione-2025-26\/screenshot-7\/\" data-orig-file=\"https:\/\/i0.wp.com\/perugiamusicaclassica.com\/wp-content\/uploads\/2025\/07\/IMG_4878.jpeg?fit=1986%2C2648&amp;ssl=1\" data-orig-size=\"1986,2648\" data-comments-opened=\"1\" data-image-meta=\"{&quot;aperture&quot;:&quot;0&quot;,&quot;credit&quot;:&quot;&quot;,&quot;camera&quot;:&quot;&quot;,&quot;caption&quot;:&quot;Screenshot&quot;,&quot;created_timestamp&quot;:&quot;1751973696&quot;,&quot;copyright&quot;:&quot;&quot;,&quot;focal_length&quot;:&quot;0&quot;,&quot;iso&quot;:&quot;0&quot;,&quot;shutter_speed&quot;:&quot;0&quot;,&quot;title&quot;:&quot;Screenshot&quot;,&quot;orientation&quot;:&quot;1&quot;}\" data-image-title=\"Screenshot\" data-image-description=\"\" data-image-caption=\"&lt;p&gt;Screenshot&lt;\/p&gt;\n\" data-medium-file=\"https:\/\/i0.wp.com\/perugiamusicaclassica.com\/wp-content\/uploads\/2025\/07\/IMG_4878.jpeg?fit=225%2C300&amp;ssl=1\" data-large-file=\"https:\/\/i0.wp.com\/perugiamusicaclassica.com\/wp-content\/uploads\/2025\/07\/IMG_4878.jpeg?fit=700%2C933&amp;ssl=1\" src=\"https:\/\/i0.wp.com\/perugiamusicaclassica.com\/wp-content\/uploads\/2025\/07\/IMG_4878.jpeg?resize=700%2C933&#038;ssl=1\" alt=\"\" class=\"wp-image-12462\" style=\"width:717px;height:auto\" srcset=\"https:\/\/i0.wp.com\/perugiamusicaclassica.com\/wp-content\/uploads\/2025\/07\/IMG_4878.jpeg?resize=768%2C1024&amp;ssl=1 768w, https:\/\/i0.wp.com\/perugiamusicaclassica.com\/wp-content\/uploads\/2025\/07\/IMG_4878.jpeg?resize=225%2C300&amp;ssl=1 225w, https:\/\/i0.wp.com\/perugiamusicaclassica.com\/wp-content\/uploads\/2025\/07\/IMG_4878.jpeg?resize=1152%2C1536&amp;ssl=1 1152w, https:\/\/i0.wp.com\/perugiamusicaclassica.com\/wp-content\/uploads\/2025\/07\/IMG_4878.jpeg?resize=1536%2C2048&amp;ssl=1 1536w, https:\/\/i0.wp.com\/perugiamusicaclassica.com\/wp-content\/uploads\/2025\/07\/IMG_4878.jpeg?resize=900%2C1200&amp;ssl=1 900w, https:\/\/i0.wp.com\/perugiamusicaclassica.com\/wp-content\/uploads\/2025\/07\/IMG_4878.jpeg?resize=600%2C800&amp;ssl=1 600w, https:\/\/i0.wp.com\/perugiamusicaclassica.com\/wp-content\/uploads\/2025\/07\/IMG_4878.jpeg?resize=450%2C600&amp;ssl=1 450w, https:\/\/i0.wp.com\/perugiamusicaclassica.com\/wp-content\/uploads\/2025\/07\/IMG_4878.jpeg?resize=300%2C400&amp;ssl=1 300w, https:\/\/i0.wp.com\/perugiamusicaclassica.com\/wp-content\/uploads\/2025\/07\/IMG_4878.jpeg?resize=150%2C200&amp;ssl=1 150w, https:\/\/i0.wp.com\/perugiamusicaclassica.com\/wp-content\/uploads\/2025\/07\/IMG_4878.jpeg?resize=1200%2C1600&amp;ssl=1 1200w, https:\/\/i0.wp.com\/perugiamusicaclassica.com\/wp-content\/uploads\/2025\/07\/IMG_4878.jpeg?resize=700%2C933&amp;ssl=1 700w, https:\/\/i0.wp.com\/perugiamusicaclassica.com\/wp-content\/uploads\/2025\/07\/IMG_4878.jpeg?w=1986&amp;ssl=1 1986w, https:\/\/i0.wp.com\/perugiamusicaclassica.com\/wp-content\/uploads\/2025\/07\/IMG_4878.jpeg?w=1400&amp;ssl=1 1400w\" sizes=\"auto, (max-width: 700px) 100vw, 700px\" \/><\/figure>\n\n\n\n<figure class=\"wp-block-image size-large\"><img data-recalc-dims=\"1\" loading=\"lazy\" decoding=\"async\" width=\"700\" height=\"933\" data-attachment-id=\"12464\" data-permalink=\"https:\/\/perugiamusicaclassica.com\/it\/stagione-2025-26\/screenshot-8\/\" data-orig-file=\"https:\/\/i0.wp.com\/perugiamusicaclassica.com\/wp-content\/uploads\/2025\/07\/IMG_4879.jpeg?fit=2015%2C2686&amp;ssl=1\" data-orig-size=\"2015,2686\" data-comments-opened=\"1\" data-image-meta=\"{&quot;aperture&quot;:&quot;0&quot;,&quot;credit&quot;:&quot;Apple Photos Clean Up&quot;,&quot;camera&quot;:&quot;&quot;,&quot;caption&quot;:&quot;Screenshot&quot;,&quot;created_timestamp&quot;:&quot;1751973711&quot;,&quot;copyright&quot;:&quot;&quot;,&quot;focal_length&quot;:&quot;0&quot;,&quot;iso&quot;:&quot;0&quot;,&quot;shutter_speed&quot;:&quot;0&quot;,&quot;title&quot;:&quot;Screenshot&quot;,&quot;orientation&quot;:&quot;1&quot;}\" data-image-title=\"Screenshot\" data-image-description=\"\" data-image-caption=\"&lt;p&gt;Screenshot&lt;\/p&gt;\n\" data-medium-file=\"https:\/\/i0.wp.com\/perugiamusicaclassica.com\/wp-content\/uploads\/2025\/07\/IMG_4879.jpeg?fit=225%2C300&amp;ssl=1\" data-large-file=\"https:\/\/i0.wp.com\/perugiamusicaclassica.com\/wp-content\/uploads\/2025\/07\/IMG_4879.jpeg?fit=700%2C933&amp;ssl=1\" src=\"https:\/\/i0.wp.com\/perugiamusicaclassica.com\/wp-content\/uploads\/2025\/07\/IMG_4879.jpeg?resize=700%2C933&#038;ssl=1\" alt=\"\" class=\"wp-image-12464\" srcset=\"https:\/\/i0.wp.com\/perugiamusicaclassica.com\/wp-content\/uploads\/2025\/07\/IMG_4879.jpeg?resize=768%2C1024&amp;ssl=1 768w, https:\/\/i0.wp.com\/perugiamusicaclassica.com\/wp-content\/uploads\/2025\/07\/IMG_4879.jpeg?resize=225%2C300&amp;ssl=1 225w, https:\/\/i0.wp.com\/perugiamusicaclassica.com\/wp-content\/uploads\/2025\/07\/IMG_4879.jpeg?resize=1152%2C1536&amp;ssl=1 1152w, https:\/\/i0.wp.com\/perugiamusicaclassica.com\/wp-content\/uploads\/2025\/07\/IMG_4879.jpeg?resize=1536%2C2048&amp;ssl=1 1536w, https:\/\/i0.wp.com\/perugiamusicaclassica.com\/wp-content\/uploads\/2025\/07\/IMG_4879.jpeg?resize=900%2C1200&amp;ssl=1 900w, https:\/\/i0.wp.com\/perugiamusicaclassica.com\/wp-content\/uploads\/2025\/07\/IMG_4879.jpeg?resize=600%2C800&amp;ssl=1 600w, https:\/\/i0.wp.com\/perugiamusicaclassica.com\/wp-content\/uploads\/2025\/07\/IMG_4879.jpeg?resize=450%2C600&amp;ssl=1 450w, https:\/\/i0.wp.com\/perugiamusicaclassica.com\/wp-content\/uploads\/2025\/07\/IMG_4879.jpeg?resize=300%2C400&amp;ssl=1 300w, https:\/\/i0.wp.com\/perugiamusicaclassica.com\/wp-content\/uploads\/2025\/07\/IMG_4879.jpeg?resize=150%2C200&amp;ssl=1 150w, https:\/\/i0.wp.com\/perugiamusicaclassica.com\/wp-content\/uploads\/2025\/07\/IMG_4879.jpeg?resize=1200%2C1600&amp;ssl=1 1200w, https:\/\/i0.wp.com\/perugiamusicaclassica.com\/wp-content\/uploads\/2025\/07\/IMG_4879.jpeg?resize=700%2C933&amp;ssl=1 700w, https:\/\/i0.wp.com\/perugiamusicaclassica.com\/wp-content\/uploads\/2025\/07\/IMG_4879.jpeg?resize=2000%2C2666&amp;ssl=1 2000w, https:\/\/i0.wp.com\/perugiamusicaclassica.com\/wp-content\/uploads\/2025\/07\/IMG_4879.jpeg?w=2015&amp;ssl=1 2015w, https:\/\/i0.wp.com\/perugiamusicaclassica.com\/wp-content\/uploads\/2025\/07\/IMG_4879.jpeg?w=1400&amp;ssl=1 1400w\" sizes=\"auto, (max-width: 700px) 100vw, 700px\" \/><\/figure>\n\n\n\n<div style=\"height:100px\" aria-hidden=\"true\" class=\"wp-block-spacer\"><\/div>\n\n\n\n<div style=\"height:100px\" aria-hidden=\"true\" class=\"wp-block-spacer\"><\/div>\n\n\n\n<p class=\"wp-block-paragraph\"><strong>NOTA BENE:<\/strong><\/p>\n\n\n\n<p class=\"has-text-align-center wp-block-paragraph\"><em>La Fondazione Perugia Musica Classica e la Fondazione Brunello e Federica Cucinelli<br>si riservano di modificare il programma qualora intervengano cause di forza maggiore.<\/em><\/p>\n\n\n\n<p class=\"has-text-align-center wp-block-paragraph\">CONTO DESTINATO ALLA SOTTOSCRIZIONE DEGLI ABBONAMENTI<br>IBAN<br>IT 48 L 02008 03027 000107196418<\/p>\n\n\n\n<div style=\"height:20px\" aria-hidden=\"true\" class=\"wp-block-spacer\"><\/div>\n\n\n\n<div style=\"height:20px\" aria-hidden=\"true\" class=\"wp-block-spacer\"><\/div>\n\n\n\n<div style=\"height:20px\" aria-hidden=\"true\" class=\"wp-block-spacer\"><\/div>\n\n\n\n<hr class=\"wp-block-separator has-css-opacity\"\/>\n\n\n\n<div style=\"height:100px\" aria-hidden=\"true\" class=\"wp-block-spacer\"><\/div>\n","protected":false},"excerpt":{"rendered":"<p>Nei suoi oltre settantacinque anni di vita, gli Amici della Musica di Perugia\/Fondazione Perugia Musica Classica Onlus hanno realizzato pi\u00f9 di&nbsp;2.680&nbsp;concerti&nbsp;con la partecipazione delle pi\u00f9 prestigiose orchestre e cori internazionali e i pi\u00f9 rinomati e apprezzati artisti e direttori d\u2019orchestra del panorama musicale mondiale. Si ricordano fra tutti&nbsp;Claudio Abbado, Riccardo Muti, Martha Argerich, Daniel Harding, &hellip; <a href=\"https:\/\/perugiamusicaclassica.com\/it\/stagione-2025-26\/\" class=\"more-link\">Continue reading <span class=\"screen-reader-text\">Programma<\/span> <span class=\"meta-nav\">&rarr;<\/span><\/a><\/p>\n","protected":false},"author":200157160,"featured_media":0,"parent":0,"menu_order":0,"comment_status":"closed","ping_status":"closed","template":"","meta":{"_coblocks_attr":"","_coblocks_dimensions":"","_coblocks_responsive_height":"","_coblocks_accordion_ie_support":"","_crdt_document":"","advanced_seo_description":"","jetpack_seo_html_title":"","jetpack_seo_noindex":false,"jetpack_post_was_ever_published":false,"footnotes":""},"class_list":["post-731","page","type-page","status-publish","hentry"],"jetpack_likes_enabled":true,"jetpack_sharing_enabled":true,"jetpack_shortlink":"https:\/\/wp.me\/PcJPK4-bN","amp_enabled":true,"_links":{"self":[{"href":"https:\/\/perugiamusicaclassica.com\/it\/wp-json\/wp\/v2\/pages\/731","targetHints":{"allow":["GET"]}}],"collection":[{"href":"https:\/\/perugiamusicaclassica.com\/it\/wp-json\/wp\/v2\/pages"}],"about":[{"href":"https:\/\/perugiamusicaclassica.com\/it\/wp-json\/wp\/v2\/types\/page"}],"author":[{"embeddable":true,"href":"https:\/\/perugiamusicaclassica.com\/it\/wp-json\/wp\/v2\/users\/200157160"}],"replies":[{"embeddable":true,"href":"https:\/\/perugiamusicaclassica.com\/it\/wp-json\/wp\/v2\/comments?post=731"}],"version-history":[{"count":99,"href":"https:\/\/perugiamusicaclassica.com\/it\/wp-json\/wp\/v2\/pages\/731\/revisions"}],"predecessor-version":[{"id":14371,"href":"https:\/\/perugiamusicaclassica.com\/it\/wp-json\/wp\/v2\/pages\/731\/revisions\/14371"}],"wp:attachment":[{"href":"https:\/\/perugiamusicaclassica.com\/it\/wp-json\/wp\/v2\/media?parent=731"}],"curies":[{"name":"wp","href":"https:\/\/api.w.org\/{rel}","templated":true}]}}